{"id":194,"date":"2025-05-13T07:42:50","date_gmt":"2025-05-13T07:42:50","guid":{"rendered":"https:\/\/www.nollapiste.fi\/?page_id=194"},"modified":"2026-03-31T07:15:39","modified_gmt":"2026-03-31T07:15:39","slug":"ota-yhteytta","status":"publish","type":"page","link":"https:\/\/www.nollapiste.fi\/index.php\/ota-yhteytta\/","title":{"rendered":"Ota yhteytt\u00e4"},"content":{"rendered":"<p>[et_pb_section fb_built=&#8221;1&#8243; custom_padding_last_edited=&#8221;off|desktop&#8221; admin_label=&#8221;Header Section&#8221; _builder_version=&#8221;4.27.6&#8243; background_enable_image=&#8221;off&#8221; height=&#8221;1425px&#8221; custom_padding=&#8221;8%|0px|8.8%|0px||&#8221; custom_padding_tablet=&#8221;320px|0px|0px|0px&#8221; global_colors_info=&#8221;{}&#8221; min_height=&#8221;1707px&#8221;][et_pb_row admin_label=&#8221;Header Row&#8221; _builder_version=&#8221;4.16&#8243; global_colors_info=&#8221;{}&#8221;][et_pb_column type=&#8221;4_4&#8243; _builder_version=&#8221;4.16&#8243; custom_padding=&#8221;|||&#8221; global_colors_info=&#8221;{}&#8221; custom_padding__hover=&#8221;|||&#8221;][et_pb_heading title=&#8221;YHTEYSTIEDOT&#8221; _builder_version=&#8221;4.27.6&#8243; _module_preset=&#8221;default&#8221; title_font=&#8221;Oswald|500||on|||||&#8221; title_text_align=&#8221;center&#8221; title_text_color=&#8221;gcid-33e338c4-dd9b-4b3a-bb88-a86a4fca0c7b&#8221; title_font_size=&#8221;105px&#8221; title_letter_spacing=&#8221;9px&#8221; title_line_height=&#8221;1.4em&#8221; width=&#8221;90%&#8221; module_alignment=&#8221;center&#8221; custom_margin=&#8221;||0px|||&#8221; title_font_size_phone=&#8221;39px&#8221; locked=&#8221;off&#8221; global_colors_info=&#8221;{%22gcid-70b3156a-8c44-4263-a0c6-12c8e19916f4%22:%91%22text_shadow_color%22%93,%22gcid-33e338c4-dd9b-4b3a-bb88-a86a4fca0c7b%22:%91%22title_text_color%22%93}&#8221;][\/et_pb_heading][\/et_pb_column][\/et_pb_row][et_pb_row column_structure=&#8221;1_3,1_3,1_3&#8243; make_equal=&#8221;on&#8221; admin_label=&#8221;Contact Info Row&#8221; _builder_version=&#8221;4.27.6&#8243; background_enable_color=&#8221;off&#8221; custom_margin=&#8221;|||&#8221; custom_padding=&#8221;|||&#8221; border_radii=&#8221;on|5px|5px|5px|5px&#8221; border_width_bottom=&#8221;3px&#8221; border_color_bottom=&#8221;gcid-81f9b656-ba42-499e-a92c-9ca8a8a8f898&#8243; global_colors_info=&#8221;{%22gcid-81f9b656-ba42-499e-a92c-9ca8a8a8f898%22:%91%22border_color_bottom%22%93}&#8221;][et_pb_column type=&#8221;1_3&#8243; _builder_version=&#8221;4.16&#8243; custom_padding=&#8221;|||&#8221; global_colors_info=&#8221;{}&#8221; custom_padding__hover=&#8221;|||&#8221;][et_pb_blurb title=&#8221;Laskutusosoite&#8221; use_icon=&#8221;on&#8221; font_icon=&#8221;&#xe01d;||divi||400&#8243; icon_color=&#8221;#E02B20&#8243; image_icon_width=&#8221;40px&#8221; admin_label=&#8221;Location&#8221; _builder_version=&#8221;4.27.5&#8243; header_level=&#8221;h6&#8243; header_font=&#8221;Oswald|||on|||||&#8221; header_text_color=&#8221;gcid-70b3156a-8c44-4263-a0c6-12c8e19916f4&#8243; header_font_size=&#8221;16px&#8221; header_letter_spacing=&#8221;2px&#8221; header_line_height=&#8221;1.7em&#8221; body_font=&#8221;Open Sans|600|||||||&#8221; body_text_color=&#8221;gcid-70b3156a-8c44-4263-a0c6-12c8e19916f4&#8243; body_font_size=&#8221;14px&#8221; text_orientation=&#8221;center&#8221; animation_style=&#8221;zoom&#8221; animation_intensity_zoom=&#8221;10%&#8221; image_max_width=&#8221;40px&#8221; global_colors_info=&#8221;{%22gcid-primary-color%22:%91%22body_quote_text_color%22,%22body_quote_text_color%22%93,%22gcid-70b3156a-8c44-4263-a0c6-12c8e19916f4%22:%91%22header_text_color%22,%22body_text_color%22%93}&#8221;]<\/p>\n<p>Rastasniityntie 52 E, 02620 Espoo<\/p>\n<p>[\/et_pb_blurb][\/et_pb_column][et_pb_column type=&#8221;1_3&#8243; _builder_version=&#8221;4.16&#8243; custom_padding=&#8221;|||&#8221; global_colors_info=&#8221;{}&#8221; custom_padding__hover=&#8221;|||&#8221;][et_pb_blurb title=&#8221;Puhelinnumero&#8221; use_icon=&#8221;on&#8221; font_icon=&#8221;&#xf3cd;||fa||900&#8243; icon_color=&#8221;#E02B20&#8243; image_icon_width=&#8221;40px&#8221; admin_label=&#8221;Contact&#8221; _builder_version=&#8221;4.27.5&#8243; header_level=&#8221;h6&#8243; header_font=&#8221;Oswald|||on|||||&#8221; header_text_color=&#8221;gcid-70b3156a-8c44-4263-a0c6-12c8e19916f4&#8243; header_font_size=&#8221;16px&#8221; header_letter_spacing=&#8221;2px&#8221; header_line_height=&#8221;1.7em&#8221; body_font=&#8221;Open Sans|600|||||||&#8221; body_text_color=&#8221;gcid-70b3156a-8c44-4263-a0c6-12c8e19916f4&#8243; body_font_size=&#8221;14px&#8221; text_orientation=&#8221;center&#8221; animation_style=&#8221;zoom&#8221; animation_intensity_zoom=&#8221;10%&#8221; image_max_width=&#8221;40px&#8221; global_colors_info=&#8221;{%22gcid-primary-color%22:%91%22body_quote_text_color%22,%22body_quote_text_color%22%93,%22gcid-70b3156a-8c44-4263-a0c6-12c8e19916f4%22:%91%22header_text_color%22,%22body_text_color%22%93}&#8221;]<\/p>\n<p>045 208 5012<\/p>\n<p>[\/et_pb_blurb][\/et_pb_column][et_pb_column type=&#8221;1_3&#8243; _builder_version=&#8221;4.16&#8243; custom_padding=&#8221;|||&#8221; global_colors_info=&#8221;{}&#8221; custom_padding__hover=&#8221;|||&#8221;][et_pb_blurb title=&#8221;S\u00e4hk\u00f6posti&#8221; use_icon=&#8221;on&#8221; font_icon=&#8221;&#xf0e0;||fa||400&#8243; icon_color=&#8221;#E02B20&#8243; image_icon_width=&#8221;40px&#8221; admin_label=&#8221;Email&#8221; _builder_version=&#8221;4.27.5&#8243; header_level=&#8221;h6&#8243; header_font=&#8221;Oswald|||on|||||&#8221; header_text_color=&#8221;gcid-70b3156a-8c44-4263-a0c6-12c8e19916f4&#8243; header_font_size=&#8221;16px&#8221; header_letter_spacing=&#8221;2px&#8221; header_line_height=&#8221;1.7em&#8221; body_font=&#8221;Open Sans|600|||||||&#8221; body_text_color=&#8221;gcid-70b3156a-8c44-4263-a0c6-12c8e19916f4&#8243; body_font_size=&#8221;14px&#8221; text_orientation=&#8221;center&#8221; animation_style=&#8221;zoom&#8221; animation_intensity_zoom=&#8221;10%&#8221; image_max_width=&#8221;40px&#8221; global_colors_info=&#8221;{%22gcid-primary-color%22:%91%22body_quote_text_color%22,%22body_quote_text_color%22%93,%22gcid-70b3156a-8c44-4263-a0c6-12c8e19916f4%22:%91%22header_text_color%22,%22body_text_color%22%93}&#8221;]<\/p>\n<p>tuuli@drinkless.fi<\/p>\n<p>[\/et_pb_blurb][et_pb_social_media_follow disabled_on=&#8221;off|off|off&#8221; _builder_version=&#8221;4.27.4&#8243; text_orientation=&#8221;center&#8221; custom_margin=&#8221;|||&#8221; custom_padding=&#8221;|||&#8221; mix_blend_mode=&#8221;multiply&#8221; locked=&#8221;off&#8221; global_colors_info=&#8221;{}&#8221;][et_pb_social_media_follow_network social_network=&#8221;facebook&#8221; url=&#8221;https:\/\/www.facebook.com\/share\/19CLoezket\/?mibextid=wwXIfr&#8221; _builder_version=&#8221;4.27.4&#8243; background_color=&#8221;rgba(160,160,160,0.8)&#8221; custom_margin=&#8221;|2%||2%&#8221; custom_padding=&#8221;12px|12px|12px|12px&#8221; border_radii=&#8221;on|100px|100px|100px|100px&#8221; global_colors_info=&#8221;{}&#8221; follow_button=&#8221;off&#8221; url_new_window=&#8221;on&#8221;]facebook[\/et_pb_social_media_follow_network][et_pb_social_media_follow_network social_network=&#8221;instagram&#8221; url=&#8221;https:\/\/www.instagram.com\/nollapiste.fi?igsh=MXRjaHRvYWIwMjc2Yw%3D%3D&#038;utm_source=qr&#8221; _builder_version=&#8221;4.27.4&#8243; background_color=&#8221;rgba(160,160,160,0.8)&#8221; custom_margin=&#8221;|2%||2%&#8221; custom_padding=&#8221;12px|12px|12px|12px&#8221; border_radii=&#8221;on|100px|100px|100px|100px&#8221; global_colors_info=&#8221;{}&#8221; follow_button=&#8221;off&#8221; url_new_window=&#8221;on&#8221;]instagram[\/et_pb_social_media_follow_network][et_pb_social_media_follow_network social_network=&#8221;tiktok&#8221; url=&#8221;https:\/\/www.tiktok.com\/@nollapiste.fi?is_from_webapp=1&#038;sender_device=pc&#8221; _builder_version=&#8221;4.27.4&#8243; _module_preset=&#8221;default&#8221; background_color=&#8221;rgba(160,160,160,0.8)&#8221; custom_margin=&#8221;|2%||2%&#8221; custom_padding=&#8221;12px|12px|12px|12px&#8221; border_radii=&#8221;on|100px|100px|100px|100px&#8221; global_colors_info=&#8221;{}&#8221; follow_button=&#8221;off&#8221; url_new_window=&#8221;on&#8221;]tiktok[\/et_pb_social_media_follow_network][\/et_pb_social_media_follow][\/et_pb_column][\/et_pb_row][et_pb_row column_structure=&#8221;1_2,1_2&#8243; admin_label=&#8221;Contact Us Row&#8221; _builder_version=&#8221;4.27.6&#8243; custom_padding=&#8221;43px||42px|||&#8221; border_width_bottom=&#8221;3px&#8221; border_color_bottom=&#8221;gcid-81f9b656-ba42-499e-a92c-9ca8a8a8f898&#8243; locked=&#8221;off&#8221; global_colors_info=&#8221;{%22gcid-81f9b656-ba42-499e-a92c-9ca8a8a8f898%22:%91%22border_color_bottom%22%93}&#8221;][et_pb_column type=&#8221;1_2&#8243; _builder_version=&#8221;4.16&#8243; custom_padding=&#8221;|||&#8221; global_colors_info=&#8221;{}&#8221; custom_padding__hover=&#8221;|||&#8221;][et_pb_text admin_label=&#8221;Tittle &#038; Paragraph&#8221; _builder_version=&#8221;4.27.5&#8243; text_font=&#8221;Open Sans|600|||||||&#8221; text_text_color=&#8221;gcid-70b3156a-8c44-4263-a0c6-12c8e19916f4&#8243; text_font_size=&#8221;16px&#8221; header_font=&#8221;||||||||&#8221; header_text_color=&#8221;#FFFFFF&#8221; header_2_font=&#8221;Oswald|||on|||||&#8221; header_2_text_color=&#8221;gcid-70b3156a-8c44-4263-a0c6-12c8e19916f4&#8243; header_2_font_size=&#8221;45px&#8221; header_2_letter_spacing=&#8221;3px&#8221; header_2_line_height=&#8221;1.4em&#8221; module_alignment=&#8221;center&#8221; custom_margin=&#8221;5px||40px||false|&#8221; custom_margin_tablet=&#8221;0px|||&#8221; custom_margin_phone=&#8221;0px||-5px||false|&#8221; custom_margin_last_edited=&#8221;on|phone&#8221; global_colors_info=&#8221;{%22gcid-primary-color%22:%91%22quote_text_color%22,%22quote_text_color%22%93,%22gcid-70b3156a-8c44-4263-a0c6-12c8e19916f4%22:%91%22text_text_color%22,%22header_2_text_color%22%93}&#8221;]<\/p>\n<h2>Ota Yhteytt\u00e4<\/h2>\n<p>Haluatko mocktailit kauppaasi, ravintolaasi tai festareille tarjolle vai onko jotakin muuta kysytt\u00e4v\u00e4\u00e4? Ole rohkeasti meihin yhteydess\u00e4!<\/p>\n<p>[\/et_pb_text][\/et_pb_column][et_pb_column type=&#8221;1_2&#8243; _builder_version=&#8221;4.16&#8243; custom_padding=&#8221;|||&#8221; global_colors_info=&#8221;{}&#8221; custom_padding__hover=&#8221;|||&#8221;][et_pb_contact_form captcha=&#8221;off&#8221; email=&#8221;tuuli.almila@remax.fi&#8221; title=&#8221;Yhteydenotto Nollapiste nettisivuilta&#8221; success_message=&#8221;Kiitos viestist\u00e4, palaamme asiaan pikimmiten!&#8221; module_id=&#8221;et_pb_contact_form_0&#8243; _builder_version=&#8221;4.27.5&#8243; form_field_background_color=&#8221;#FFFFFF&#8221; form_field_text_color=&#8221;#000000&#8243; title_text_color=&#8221;RGBA(255,255,255,0)&#8221; title_font_size=&#8221;1px&#8221; form_field_font=&#8221;Open Sans|600|||||||&#8221; form_field_font_size=&#8221;14px&#8221; button_text_size=&#8221;14px&#8221; button_text_color=&#8221;gcid-70b3156a-8c44-4263-a0c6-12c8e19916f4&#8243; button_border_width=&#8221;3px&#8221; button_border_color=&#8221;gcid-70b3156a-8c44-4263-a0c6-12c8e19916f4&#8243; button_border_radius=&#8221;30px&#8221; button_letter_spacing=&#8221;2px&#8221; button_font=&#8221;Open Sans|700||on|||||&#8221; button_use_icon=&#8221;off&#8221; border_width_all=&#8221;2px&#8221; border_color_all=&#8221;rgba(51,51,51,0.1)&#8221; form_background_color=&#8221;rgba(255,255,255,0.4)&#8221; locked=&#8221;off&#8221; global_colors_info=&#8221;{%22gcid-body-color%22:%91%22form_field_text_color%22,%22form_field_text_color%22,%22form_field_text_color%22,%22form_field_text_color%22%93,%22gcid-2ba1efb6-4031-47e4-a58d-f8150d56f0f2%22:%91%22form_field_background_color%22,%22form_field_background_color%22,%22form_field_background_color%22,%22form_field_background_color%22,%22form_field_background_color%22,%22form_field_background_color%22%93,%22gcid-primary-color%22:%91%22button_bg_color%22,%22button_bg_color%22,%22button_bg_color%22,%22button_bg_color%22%93,%22gcid-70b3156a-8c44-4263-a0c6-12c8e19916f4%22:%91%22button_text_color%22,%22button_border_color%22%93}&#8221; custom_margin=&#8221;-18px|||||&#8221;][et_pb_contact_field field_id=&#8221;Name&#8221; field_title=&#8221;Nimi&#8221; _builder_version=&#8221;4.27.4&#8243; global_colors_info=&#8221;{}&#8221; button_text_size__hover_enabled=&#8221;off&#8221; button_one_text_size__hover_enabled=&#8221;off&#8221; button_two_text_size__hover_enabled=&#8221;off&#8221; button_text_color__hover_enabled=&#8221;off&#8221; button_one_text_color__hover_enabled=&#8221;off&#8221; button_two_text_color__hover_enabled=&#8221;off&#8221; button_border_width__hover_enabled=&#8221;off&#8221; button_one_border_width__hover_enabled=&#8221;off&#8221; button_two_border_width__hover_enabled=&#8221;off&#8221; button_border_color__hover_enabled=&#8221;off&#8221; button_one_border_color__hover_enabled=&#8221;off&#8221; button_two_border_color__hover_enabled=&#8221;off&#8221; button_border_radius__hover_enabled=&#8221;off&#8221; button_one_border_radius__hover_enabled=&#8221;off&#8221; button_two_border_radius__hover_enabled=&#8221;off&#8221; button_letter_spacing__hover_enabled=&#8221;off&#8221; button_one_letter_spacing__hover_enabled=&#8221;off&#8221; button_two_letter_spacing__hover_enabled=&#8221;off&#8221; button_bg_color__hover_enabled=&#8221;off&#8221; button_one_bg_color__hover_enabled=&#8221;off&#8221; button_two_bg_color__hover_enabled=&#8221;off&#8221;][\/et_pb_contact_field][et_pb_contact_field field_id=&#8221;Email&#8221; field_title=&#8221;S\u00e4hk\u00f6posti&#8221; field_type=&#8221;email&#8221; _builder_version=&#8221;4.27.4&#8243; global_colors_info=&#8221;{}&#8221; button_text_size__hover_enabled=&#8221;off&#8221; button_one_text_size__hover_enabled=&#8221;off&#8221; button_two_text_size__hover_enabled=&#8221;off&#8221; button_text_color__hover_enabled=&#8221;off&#8221; button_one_text_color__hover_enabled=&#8221;off&#8221; button_two_text_color__hover_enabled=&#8221;off&#8221; button_border_width__hover_enabled=&#8221;off&#8221; button_one_border_width__hover_enabled=&#8221;off&#8221; button_two_border_width__hover_enabled=&#8221;off&#8221; button_border_color__hover_enabled=&#8221;off&#8221; button_one_border_color__hover_enabled=&#8221;off&#8221; button_two_border_color__hover_enabled=&#8221;off&#8221; button_border_radius__hover_enabled=&#8221;off&#8221; button_one_border_radius__hover_enabled=&#8221;off&#8221; button_two_border_radius__hover_enabled=&#8221;off&#8221; button_letter_spacing__hover_enabled=&#8221;off&#8221; button_one_letter_spacing__hover_enabled=&#8221;off&#8221; button_two_letter_spacing__hover_enabled=&#8221;off&#8221; button_bg_color__hover_enabled=&#8221;off&#8221; button_one_bg_color__hover_enabled=&#8221;off&#8221; button_two_bg_color__hover_enabled=&#8221;off&#8221;][\/et_pb_contact_field][et_pb_contact_field field_id=&#8221;Message&#8221; field_title=&#8221;Viesti&#8221; field_type=&#8221;text&#8221; fullwidth_field=&#8221;on&#8221; _builder_version=&#8221;4.27.4&#8243; global_colors_info=&#8221;{}&#8221; button_text_size__hover_enabled=&#8221;off&#8221; button_one_text_size__hover_enabled=&#8221;off&#8221; button_two_text_size__hover_enabled=&#8221;off&#8221; button_text_color__hover_enabled=&#8221;off&#8221; button_one_text_color__hover_enabled=&#8221;off&#8221; button_two_text_color__hover_enabled=&#8221;off&#8221; button_border_width__hover_enabled=&#8221;off&#8221; button_one_border_width__hover_enabled=&#8221;off&#8221; button_two_border_width__hover_enabled=&#8221;off&#8221; button_border_color__hover_enabled=&#8221;off&#8221; button_one_border_color__hover_enabled=&#8221;off&#8221; button_two_border_color__hover_enabled=&#8221;off&#8221; button_border_radius__hover_enabled=&#8221;off&#8221; button_one_border_radius__hover_enabled=&#8221;off&#8221; button_two_border_radius__hover_enabled=&#8221;off&#8221; button_letter_spacing__hover_enabled=&#8221;off&#8221; button_one_letter_spacing__hover_enabled=&#8221;off&#8221; button_two_letter_spacing__hover_enabled=&#8221;off&#8221; button_bg_color__hover_enabled=&#8221;off&#8221; button_one_bg_color__hover_enabled=&#8221;off&#8221; button_two_bg_color__hover_enabled=&#8221;off&#8221;][\/et_pb_contact_field][\/et_pb_contact_form][\/et_pb_column][\/et_pb_row][et_pb_row column_structure=&#8221;1_2,1_2&#8243; _builder_version=&#8221;4.27.6&#8243; _module_preset=&#8221;default&#8221; custom_padding=&#8221;20px|||||&#8221; global_colors_info=&#8221;{}&#8221;][et_pb_column type=&#8221;1_2&#8243; _builder_version=&#8221;4.27.4&#8243; _module_preset=&#8221;default&#8221; global_colors_info=&#8221;{}&#8221;][et_pb_text admin_label=&#8221;Tittle &#038; Paragraph&#8221; _builder_version=&#8221;4.27.4&#8243; text_font=&#8221;Open Sans|600|||||||&#8221; text_text_color=&#8221;gcid-70b3156a-8c44-4263-a0c6-12c8e19916f4&#8243; text_font_size=&#8221;16px&#8221; header_font=&#8221;||||||||&#8221; header_text_color=&#8221;#FFFFFF&#8221; header_2_font=&#8221;Oswald|||on|||||&#8221; header_2_text_color=&#8221;gcid-70b3156a-8c44-4263-a0c6-12c8e19916f4&#8243; header_2_font_size=&#8221;45px&#8221; header_2_letter_spacing=&#8221;3px&#8221; header_2_line_height=&#8221;1.4em&#8221; module_alignment=&#8221;center&#8221; custom_margin=&#8221;5px||40px||false|&#8221; custom_margin_tablet=&#8221;0px|||&#8221; custom_margin_phone=&#8221;1px||-209px||false|&#8221; custom_margin_last_edited=&#8221;on|phone&#8221; locked=&#8221;off&#8221; global_colors_info=&#8221;{%22gcid-primary-color%22:%91%22quote_text_color%22,%22quote_text_color%22%93,%22gcid-70b3156a-8c44-4263-a0c6-12c8e19916f4%22:%91%22text_text_color%22,%22header_2_text_color%22%93}&#8221;]<\/p>\n<h2>Uutiskirje<\/h2>\n<p>Tilaamalla uutiskirjeen pysyt aktiivisesti mukana toiminnassa ja kuulet ensimm\u00e4isen\u00e4 toiminnan laajenemisesta!<\/p>\n<p>[\/et_pb_text][\/et_pb_column][et_pb_column type=&#8221;1_2&#8243; _builder_version=&#8221;4.27.4&#8243; _module_preset=&#8221;default&#8221; global_colors_info=&#8221;{}&#8221;][et_pb_contact_form captcha=&#8221;off&#8221; email=&#8221;tuuli.almila@remax.fi&#8221; title=&#8221;Tilasi uutiskirjeen Nollapisteen sivuilta&#8221; success_message=&#8221;Uutiskirjeen tilaus onnistui, lis\u00e4\u00e4mme sinut vastaanottajaksi!&#8221; submit_button_text=&#8221;Tilaa&#8221; module_id=&#8221;et_pb_contact_form_0&#8243; _builder_version=&#8221;4.27.6&#8243; form_field_background_color=&#8221;#FFFFFF&#8221; form_field_text_color=&#8221;#000000&#8243; title_text_color=&#8221;RGBA(255,255,255,0)&#8221; title_font_size=&#8221;1px&#8221; form_field_font=&#8221;Open Sans|600|||||||&#8221; form_field_font_size=&#8221;14px&#8221; button_text_size=&#8221;14px&#8221; button_text_color=&#8221;gcid-70b3156a-8c44-4263-a0c6-12c8e19916f4&#8243; button_border_width=&#8221;3px&#8221; button_border_color=&#8221;gcid-70b3156a-8c44-4263-a0c6-12c8e19916f4&#8243; button_border_radius=&#8221;30px&#8221; button_letter_spacing=&#8221;2px&#8221; button_font=&#8221;Open Sans|700||on|||||&#8221; button_use_icon=&#8221;off&#8221; custom_padding=&#8221;50px||||false|false&#8221; custom_padding_tablet=&#8221;50px||||false|false&#8221; custom_padding_phone=&#8221;50px||||false|false&#8221; custom_padding_last_edited=&#8221;on|desktop&#8221; hover_enabled=&#8221;0&#8243; title_text_color_tablet=&#8221;RGBA(255,255,255,0)&#8221; title_text_color_phone=&#8221;RGBA(255,255,255,0)&#8221; title_text_color_last_edited=&#8221;on|desktop&#8221; title_font_size_phone=&#8221;1px&#8221; border_width_all=&#8221;2px&#8221; border_color_all=&#8221;rgba(51,51,51,0.1)&#8221; form_background_color=&#8221;rgba(255,255,255,0.4)&#8221; locked=&#8221;off&#8221; global_colors_info=&#8221;{%22gcid-body-color%22:%91%22form_field_text_color%22,%22form_field_text_color%22%93,%22gcid-2ba1efb6-4031-47e4-a58d-f8150d56f0f2%22:%91%22form_field_background_color%22,%22form_field_background_color%22,%22form_field_background_color%22%93,%22gcid-primary-color%22:%91%22button_bg_color%22,%22button_bg_color%22%93,%22gcid-70b3156a-8c44-4263-a0c6-12c8e19916f4%22:%91%22button_text_color%22,%22button_border_color%22%93}&#8221; disabled_on=&#8221;off|off|off&#8221; sticky_enabled=&#8221;0&#8243; custom_margin=&#8221;148px|||||&#8221;][et_pb_contact_field field_id=&#8221;Name&#8221; field_title=&#8221;Nimi&#8221; _builder_version=&#8221;4.27.4&#8243; global_colors_info=&#8221;{}&#8221; button_text_size__hover_enabled=&#8221;off&#8221; button_one_text_size__hover_enabled=&#8221;off&#8221; button_two_text_size__hover_enabled=&#8221;off&#8221; button_text_color__hover_enabled=&#8221;off&#8221; button_one_text_color__hover_enabled=&#8221;off&#8221; button_two_text_color__hover_enabled=&#8221;off&#8221; button_border_width__hover_enabled=&#8221;off&#8221; button_one_border_width__hover_enabled=&#8221;off&#8221; button_two_border_width__hover_enabled=&#8221;off&#8221; button_border_color__hover_enabled=&#8221;off&#8221; button_one_border_color__hover_enabled=&#8221;off&#8221; button_two_border_color__hover_enabled=&#8221;off&#8221; button_border_radius__hover_enabled=&#8221;off&#8221; button_one_border_radius__hover_enabled=&#8221;off&#8221; button_two_border_radius__hover_enabled=&#8221;off&#8221; button_letter_spacing__hover_enabled=&#8221;off&#8221; button_one_letter_spacing__hover_enabled=&#8221;off&#8221; button_two_letter_spacing__hover_enabled=&#8221;off&#8221; button_bg_color__hover_enabled=&#8221;off&#8221; button_one_bg_color__hover_enabled=&#8221;off&#8221; button_two_bg_color__hover_enabled=&#8221;off&#8221;][\/et_pb_contact_field][et_pb_contact_field field_id=&#8221;Email&#8221; field_title=&#8221;S\u00e4hk\u00f6posti&#8221; field_type=&#8221;email&#8221; _builder_version=&#8221;4.27.4&#8243; global_colors_info=&#8221;{}&#8221; button_text_size__hover_enabled=&#8221;off&#8221; button_one_text_size__hover_enabled=&#8221;off&#8221; button_two_text_size__hover_enabled=&#8221;off&#8221; button_text_color__hover_enabled=&#8221;off&#8221; button_one_text_color__hover_enabled=&#8221;off&#8221; button_two_text_color__hover_enabled=&#8221;off&#8221; button_border_width__hover_enabled=&#8221;off&#8221; button_one_border_width__hover_enabled=&#8221;off&#8221; button_two_border_width__hover_enabled=&#8221;off&#8221; button_border_color__hover_enabled=&#8221;off&#8221; button_one_border_color__hover_enabled=&#8221;off&#8221; button_two_border_color__hover_enabled=&#8221;off&#8221; button_border_radius__hover_enabled=&#8221;off&#8221; button_one_border_radius__hover_enabled=&#8221;off&#8221; button_two_border_radius__hover_enabled=&#8221;off&#8221; button_letter_spacing__hover_enabled=&#8221;off&#8221; button_one_letter_spacing__hover_enabled=&#8221;off&#8221; button_two_letter_spacing__hover_enabled=&#8221;off&#8221; button_bg_color__hover_enabled=&#8221;off&#8221; button_one_bg_color__hover_enabled=&#8221;off&#8221; button_two_bg_color__hover_enabled=&#8221;off&#8221;][\/et_pb_contact_field][\/et_pb_contact_form][\/et_pb_column][\/et_pb_row][\/et_pb_section]<\/p>\n","protected":false},"excerpt":{"rendered":"<p>Rastasniityntie 52 E, 02620 Espoo045 208 5012tuuli@drinkless.fiOta Yhteytt\u00e4 Haluatko mocktailit kauppaasi, ravintolaasi tai festareille tarjolle vai onko jotakin muuta kysytt\u00e4v\u00e4\u00e4? Ole rohkeasti meihin yhteydess\u00e4!Uutiskirje Tilaamalla uutiskirjeen pysyt aktiivisesti mukana toiminnassa ja kuulet ensimm\u00e4isen\u00e4 toiminnan laajenemisesta!<\/p>\n","protected":false},"author":2,"featured_media":0,"parent":0,"menu_order":0,"comment_status":"closed","ping_status":"closed","template":"","meta":{"_et_pb_use_builder":"on","_et_pb_old_content":"","_et_gb_content_width":"","footnotes":""},"class_list":["post-194","page","type-page","status-publish","hentry"],"_links":{"self":[{"href":"https:\/\/www.nollapiste.fi\/index.php\/wp-json\/wp\/v2\/pages\/194","targetHints":{"allow":["GET"]}}],"collection":[{"href":"https:\/\/www.nollapiste.fi\/index.php\/wp-json\/wp\/v2\/pages"}],"about":[{"href":"https:\/\/www.nollapiste.fi\/index.php\/wp-json\/wp\/v2\/types\/page"}],"author":[{"embeddable":true,"href":"https:\/\/www.nollapiste.fi\/index.php\/wp-json\/wp\/v2\/users\/2"}],"replies":[{"embeddable":true,"href":"https:\/\/www.nollapiste.fi\/index.php\/wp-json\/wp\/v2\/comments?post=194"}],"version-history":[{"count":25,"href":"https:\/\/www.nollapiste.fi\/index.php\/wp-json\/wp\/v2\/pages\/194\/revisions"}],"predecessor-version":[{"id":1198,"href":"https:\/\/www.nollapiste.fi\/index.php\/wp-json\/wp\/v2\/pages\/194\/revisions\/1198"}],"wp:attachment":[{"href":"https:\/\/www.nollapiste.fi\/index.php\/wp-json\/wp\/v2\/media?parent=194"}],"curies":[{"name":"wp","href":"https:\/\/api.w.org\/{rel}","templated":true}]}}