{"id":442,"date":"2025-07-14T13:29:35","date_gmt":"2025-07-14T13:29:35","guid":{"rendered":"https:\/\/www.nollapiste.fi\/?page_id=442"},"modified":"2025-10-02T07:38:03","modified_gmt":"2025-10-02T07:38:03","slug":"passionpommi","status":"publish","type":"page","link":"https:\/\/www.nollapiste.fi\/index.php\/passionpommi\/","title":{"rendered":"Passionpommi"},"content":{"rendered":"<p>[et_pb_section fb_built=&#8221;1&#8243; custom_padding_last_edited=&#8221;off|desktop&#8221; admin_label=&#8221;Header Section&#8221; _builder_version=&#8221;4.27.4&#8243; use_background_color_gradient=&#8221;on&#8221; background_color_gradient_stops=&#8221;#ffffff 29%|rgba(255,255,255,0) 100%&#8221; background_color_gradient_overlays_image=&#8221;on&#8221; background_color_gradient_start=&#8221;#ffffff&#8221; background_color_gradient_start_position=&#8221;40%&#8221; background_color_gradient_end=&#8221;rgba(255,255,255,0)&#8221; background_image=&#8221;https:\/\/www.nollapiste.fi\/wp-content\/uploads\/2025\/07\/resepteja-taustakuva.png&#8221; background_position=&#8221;bottom_center&#8221; custom_padding=&#8221;8%|0px|5%|0px||&#8221; custom_padding_tablet=&#8221;320px|0px|0px|0px&#8221; global_colors_info=&#8221;{}&#8221;][et_pb_row admin_label=&#8221;Header Row&#8221; _builder_version=&#8221;4.16&#8243; global_colors_info=&#8221;{}&#8221;][et_pb_column type=&#8221;4_4&#8243; _builder_version=&#8221;4.16&#8243; custom_padding=&#8221;|||&#8221; global_colors_info=&#8221;{}&#8221; custom_padding__hover=&#8221;|||&#8221;][et_pb_text _builder_version=&#8221;4.27.4&#8243; text_font=&#8221;Open Sans|600|||||||&#8221; text_font_size=&#8221;16px&#8221; header_font=&#8221;Oswald|||on|||||&#8221; header_font_size=&#8221;60px&#8221; header_letter_spacing=&#8221;5px&#8221; header_line_height=&#8221;1.4em&#8221; text_orientation=&#8221;center&#8221; max_width=&#8221;700px&#8221; module_alignment=&#8221;center&#8221; animation_style=&#8221;fade&#8221; global_colors_info=&#8221;{}&#8221;]<\/p>\n<h1>Passionpommi<\/h1>\n<p>&nbsp;<\/p>\n<p>[\/et_pb_text][\/et_pb_column][\/et_pb_row][\/et_pb_section][et_pb_section fb_built=&#8221;1&#8243; admin_label=&#8221;Menu Section&#8221; _builder_version=&#8221;4.16&#8243; custom_padding=&#8221;51px|0px|10px|0px||&#8221; global_colors_info=&#8221;{}&#8221;][et_pb_row column_structure=&#8221;1_2,1_2&#8243; _builder_version=&#8221;4.27.4&#8243; _module_preset=&#8221;default&#8221; border_width_bottom=&#8221;1px&#8221; border_color_bottom=&#8221;gcid-body-color&#8221; locked=&#8221;off&#8221; global_colors_info=&#8221;{%22gcid-body-color%22:%91%22border_color_bottom%22%93}&#8221;][et_pb_column type=&#8221;1_2&#8243; _builder_version=&#8221;4.27.4&#8243; _module_preset=&#8221;default&#8221; global_colors_info=&#8221;{}&#8221;][et_pb_image src=&#8221;https:\/\/www.nollapiste.fi\/wp-content\/uploads\/2025\/07\/mocktail-kombucha.png&#8221; title_text=&#8221;mocktail kombucha&#8221; _builder_version=&#8221;4.27.4&#8243; _module_preset=&#8221;default&#8221; width=&#8221;59.2%&#8221; width_tablet=&#8221;59.2%&#8221; width_phone=&#8221;86.3%&#8221; width_last_edited=&#8221;on|phone&#8221; max_width_tablet=&#8221;&#8221; max_width_phone=&#8221;&#8221; max_width_last_edited=&#8221;on|phone&#8221; min_height=&#8221;270.1px&#8221; custom_margin=&#8221;|33px|3px|26px||&#8221; global_colors_info=&#8221;{}&#8221;][\/et_pb_image][\/et_pb_column][et_pb_column type=&#8221;1_2&#8243; _builder_version=&#8221;4.27.4&#8243; _module_preset=&#8221;default&#8221; global_colors_info=&#8221;{}&#8221;][et_pb_text _builder_version=&#8221;4.27.4&#8243; _module_preset=&#8221;default&#8221; text_font_size=&#8221;15px&#8221; text_line_height=&#8221;1.4em&#8221; global_colors_info=&#8221;{}&#8221;]<\/p>\n<p><strong>Ainekset (1 annos):<\/strong><\/p>\n<p>2dl Passion\u2013Cloudberry Switchel<\/p>\n<p>1 rkl sitruunamehua<\/p>\n<p>\u00bd rkl hunajaa (valinnainen)<\/p>\n<p>\u00bd passionhedelm\u00e4<\/p>\n<p>1 \u00bd dl ginger alea<\/p>\n<p>J\u00e4it\u00e4 ja\/tai 24Ice Passion Fruit Martini -j\u00e4it\u00e4<\/p>\n<p><strong>Koristeeksi:<\/strong><\/p>\n<p>Tuore minttu<\/p>\n<p>Passion hedelm\u00e4<\/p>\n<p>&nbsp;<\/p>\n<p>[\/et_pb_text][\/et_pb_column][\/et_pb_row][et_pb_row column_structure=&#8221;1_3,1_3,1_3&#8243; _builder_version=&#8221;4.27.4&#8243; _module_preset=&#8221;default&#8221; global_colors_info=&#8221;{}&#8221;][et_pb_column type=&#8221;1_3&#8243; _builder_version=&#8221;4.27.4&#8243; _module_preset=&#8221;default&#8221; global_colors_info=&#8221;{}&#8221;][et_pb_text _builder_version=&#8221;4.27.4&#8243; _module_preset=&#8221;default&#8221; text_font_size=&#8221;15px&#8221; text_line_height=&#8221;1.4em&#8221; text_orientation=&#8221;center&#8221; locked=&#8221;off&#8221; global_colors_info=&#8221;{}&#8221;]<\/p>\n<p><strong>Valmistus:<\/strong><\/p>\n<p>Kaavi passionhedelm\u00e4n sisus lasiin, lis\u00e4\u00e4 hunaja ja sekoita yhteen. Lis\u00e4\u00e4 Switchel, sitruunamehu ja j\u00e4\u00e4t lasiin. Voit korvata osan j\u00e4ist\u00e4 24Ice j\u00e4ill\u00e4. Sekoita. T\u00e4yt\u00e4 lasi lopuksi ginger alella, py\u00f6r\u00e4yt\u00e4 lusikalla ja koristele mintulla sek\u00e4 passionhedelm\u00e4ll\u00e4.<\/p>\n<p>Nauti!<\/p>\n<p>[\/et_pb_text][\/et_pb_column][et_pb_column type=&#8221;1_3&#8243; _builder_version=&#8221;4.27.4&#8243; _module_preset=&#8221;default&#8221; global_colors_info=&#8221;{}&#8221;][et_pb_image src=&#8221;https:\/\/www.nollapiste.fi\/wp-content\/uploads\/2025\/10\/wosel-p-ilmt.png&#8221; title_text=&#8221;w\u00f6sel p ilmt&#8221; _builder_version=&#8221;4.27.4&#8243; _module_preset=&#8221;default&#8221; width=&#8221;94.7%&#8221; min_height=&#8221;230.1px&#8221; custom_margin=&#8221;|33px|3px|21px||&#8221; custom_padding=&#8221;|0px||||&#8221; hover_enabled=&#8221;0&#8243; locked=&#8221;off&#8221; global_colors_info=&#8221;{}&#8221; sticky_enabled=&#8221;0&#8243;][\/et_pb_image][\/et_pb_column][et_pb_column type=&#8221;1_3&#8243; _builder_version=&#8221;4.27.4&#8243; _module_preset=&#8221;default&#8221; global_colors_info=&#8221;{}&#8221;][et_pb_image src=&#8221;https:\/\/www.nollapiste.fi\/wp-content\/uploads\/2025\/06\/passion-ilmt.png&#8221; title_text=&#8221;passion ilmt&#8221; _builder_version=&#8221;4.27.4&#8243; _module_preset=&#8221;default&#8221; width=&#8221;94.4%&#8221; min_height=&#8221;250.1px&#8221; custom_margin=&#8221;|33px|3px|21px||&#8221; custom_padding=&#8221;|0px||||&#8221; locked=&#8221;off&#8221; global_colors_info=&#8221;{}&#8221;][\/et_pb_image][\/et_pb_column][\/et_pb_row][et_pb_row _builder_version=&#8221;4.27.4&#8243; _module_preset=&#8221;default&#8221; global_colors_info=&#8221;{}&#8221;][et_pb_column type=&#8221;4_4&#8243; _builder_version=&#8221;4.27.4&#8243; _module_preset=&#8221;default&#8221; global_colors_info=&#8221;{}&#8221;][et_pb_text _builder_version=&#8221;4.27.4&#8243; _module_preset=&#8221;default&#8221; text_font_size=&#8221;15px&#8221; text_line_height=&#8221;1.4em&#8221; text_orientation=&#8221;center&#8221; locked=&#8221;off&#8221; global_colors_info=&#8221;{}&#8221;]<\/p>\n<p><strong>Alkoholillinen versio:<\/strong><\/p>\n<p>Lis\u00e4\u00e4 valkoista rommia tai Gini\u00e4. Voit my\u00f6s korvata osan j\u00e4ist\u00e4 24Ice Passion Fruit Martini -j\u00e4ill\u00e4 (alkoholillinen versio, 5%)<\/p>\n<p>[\/et_pb_text][\/et_pb_column][\/et_pb_row][\/et_pb_section][et_pb_section fb_built=&#8221;1&#8243; admin_label=&#8221;Contact Section&#8221; _builder_version=&#8221;4.27.4&#8243; use_background_color_gradient=&#8221;on&#8221; background_color_gradient_stops=&#8221;#ffffff 20%|rgba(255,255,255,0) 80%&#8221; background_color_gradient_overlays_image=&#8221;on&#8221; background_color_gradient_start=&#8221;#ffffff&#8221; background_color_gradient_start_position=&#8221;20%&#8221; background_color_gradient_end=&#8221;rgba(255,255,255,0)&#8221; background_color_gradient_end_position=&#8221;80%&#8221; background_image=&#8221;https:\/\/www.nollapiste.fi\/wp-content\/uploads\/2025\/05\/nolla-tausta.png&#8221; background_position=&#8221;bottom_center&#8221; custom_padding=&#8221;8px|0px|0px|0px||&#8221; saved_tabs=&#8221;all&#8221; global_colors_info=&#8221;{}&#8221;][et_pb_row admin_label=&#8221;Social Media Row&#8221; _builder_version=&#8221;4.16&#8243; use_background_color_gradient=&#8221;on&#8221; background_color_gradient_stops=&#8221;rgba(255,255,255,0) 0%|#ffffff 74%&#8221; background_color_gradient_start=&#8221;rgba(255,255,255,0)&#8221; background_color_gradient_end=&#8221;#ffffff&#8221; background_color_gradient_end_position=&#8221;74%&#8221; width=&#8221;100%&#8221; max_width=&#8221;100%&#8221; custom_margin=&#8221;8.4%|auto||auto||&#8221; custom_margin_tablet=&#8221;&#8221; custom_margin_phone=&#8221;&#8221; custom_margin_last_edited=&#8221;on|desktop&#8221; custom_padding=&#8221;120px|0px|40px|0px&#8221; use_custom_width=&#8221;on&#8221; width_unit=&#8221;off&#8221; custom_width_percent=&#8221;100%&#8221; global_colors_info=&#8221;{}&#8221;][et_pb_column type=&#8221;4_4&#8243; _builder_version=&#8221;4.16&#8243; custom_padding=&#8221;|||&#8221; global_colors_info=&#8221;{}&#8221; custom_padding__hover=&#8221;|||&#8221;][et_pb_social_media_follow disabled_on=&#8221;off|off|off&#8221; _builder_version=&#8221;4.27.4&#8243; text_orientation=&#8221;center&#8221; custom_margin=&#8221;|||&#8221; custom_padding=&#8221;|||&#8221; mix_blend_mode=&#8221;multiply&#8221; locked=&#8221;off&#8221; global_colors_info=&#8221;{}&#8221;][et_pb_social_media_follow_network social_network=&#8221;facebook&#8221; url=&#8221;https:\/\/www.facebook.com\/share\/19CLoezket\/?mibextid=wwXIfr&#8221; _builder_version=&#8221;4.27.4&#8243; background_color=&#8221;rgba(160,160,160,0.8)&#8221; custom_margin=&#8221;|2%||2%&#8221; custom_padding=&#8221;12px|12px|12px|12px&#8221; border_radii=&#8221;on|100px|100px|100px|100px&#8221; global_colors_info=&#8221;{}&#8221; follow_button=&#8221;off&#8221; url_new_window=&#8221;on&#8221;]facebook[\/et_pb_social_media_follow_network][et_pb_social_media_follow_network social_network=&#8221;instagram&#8221; url=&#8221;https:\/\/www.instagram.com\/nollapiste.fi?igsh=MXRjaHRvYWIwMjc2Yw%3D%3D&#038;utm_source=qr&#8221; _builder_version=&#8221;4.27.4&#8243; background_color=&#8221;rgba(160,160,160,0.8)&#8221; custom_margin=&#8221;|2%||2%&#8221; custom_padding=&#8221;12px|12px|12px|12px&#8221; border_radii=&#8221;on|100px|100px|100px|100px&#8221; global_colors_info=&#8221;{}&#8221; follow_button=&#8221;off&#8221; url_new_window=&#8221;on&#8221;]instagram[\/et_pb_social_media_follow_network][et_pb_social_media_follow_network social_network=&#8221;tiktok&#8221; url=&#8221;https:\/\/www.tiktok.com\/@nollapiste.fi?is_from_webapp=1&#038;sender_device=pc&#8221; _builder_version=&#8221;4.27.4&#8243; _module_preset=&#8221;default&#8221; background_color=&#8221;rgba(160,160,160,0.8)&#8221; custom_margin=&#8221;|2%||2%&#8221; custom_padding=&#8221;12px|12px|12px|12px&#8221; border_radii=&#8221;on|100px|100px|100px|100px&#8221; global_colors_info=&#8221;{}&#8221; follow_button=&#8221;off&#8221; url_new_window=&#8221;on&#8221;]tiktok[\/et_pb_social_media_follow_network][\/et_pb_social_media_follow][\/et_pb_column][\/et_pb_row][\/et_pb_section]<\/p>\n","protected":false},"excerpt":{"rendered":"<p>Passionpommi &nbsp;Ainekset (1 annos): 2dl Passion\u2013Cloudberry Switchel 1 rkl sitruunamehua \u00bd rkl hunajaa (valinnainen) \u00bd passionhedelm\u00e4 1 \u00bd dl ginger alea J\u00e4it\u00e4 ja\/tai 24Ice Passion Fruit Martini -j\u00e4it\u00e4 Koristeeksi: Tuore minttu Passion hedelm\u00e4 &nbsp;Valmistus: Kaavi passionhedelm\u00e4n sisus lasiin, lis\u00e4\u00e4 hunaja ja sekoita yhteen. Lis\u00e4\u00e4 Switchel, sitruunamehu ja j\u00e4\u00e4t lasiin. Voit korvata osan j\u00e4ist\u00e4 24Ice j\u00e4ill\u00e4. [&hellip;]<\/p>\n","protected":false},"author":2,"featured_media":0,"parent":0,"menu_order":0,"comment_status":"closed","ping_status":"closed","template":"","meta":{"_et_pb_use_builder":"on","_et_pb_old_content":"","_et_gb_content_width":"","footnotes":""},"class_list":["post-442","page","type-page","status-publish","hentry"],"_links":{"self":[{"href":"https:\/\/www.nollapiste.fi\/index.php\/wp-json\/wp\/v2\/pages\/442","targetHints":{"allow":["GET"]}}],"collection":[{"href":"https:\/\/www.nollapiste.fi\/index.php\/wp-json\/wp\/v2\/pages"}],"about":[{"href":"https:\/\/www.nollapiste.fi\/index.php\/wp-json\/wp\/v2\/types\/page"}],"author":[{"embeddable":true,"href":"https:\/\/www.nollapiste.fi\/index.php\/wp-json\/wp\/v2\/users\/2"}],"replies":[{"embeddable":true,"href":"https:\/\/www.nollapiste.fi\/index.php\/wp-json\/wp\/v2\/comments?post=442"}],"version-history":[{"count":17,"href":"https:\/\/www.nollapiste.fi\/index.php\/wp-json\/wp\/v2\/pages\/442\/revisions"}],"predecessor-version":[{"id":784,"href":"https:\/\/www.nollapiste.fi\/index.php\/wp-json\/wp\/v2\/pages\/442\/revisions\/784"}],"wp:attachment":[{"href":"https:\/\/www.nollapiste.fi\/index.php\/wp-json\/wp\/v2\/media?parent=442"}],"curies":[{"name":"wp","href":"https:\/\/api.w.org\/{rel}","templated":true}]}}