{"id":464,"date":"2025-07-14T13:30:29","date_gmt":"2025-07-14T13:30:29","guid":{"rendered":"https:\/\/www.nollapiste.fi\/?page_id=464"},"modified":"2025-10-02T07:40:30","modified_gmt":"2025-10-02T07:40:30","slug":"nordic-berry-mule","status":"publish","type":"page","link":"https:\/\/www.nollapiste.fi\/index.php\/nordic-berry-mule\/","title":{"rendered":"Nordic Berry Mule"},"content":{"rendered":"<p>[et_pb_section fb_built=&#8221;1&#8243; custom_padding_last_edited=&#8221;off|desktop&#8221; admin_label=&#8221;Header Section&#8221; _builder_version=&#8221;4.27.4&#8243; use_background_color_gradient=&#8221;on&#8221; background_color_gradient_stops=&#8221;#ffffff 29%|rgba(255,255,255,0) 100%&#8221; background_color_gradient_overlays_image=&#8221;on&#8221; background_color_gradient_start=&#8221;#ffffff&#8221; background_color_gradient_start_position=&#8221;40%&#8221; background_color_gradient_end=&#8221;rgba(255,255,255,0)&#8221; background_image=&#8221;https:\/\/www.nollapiste.fi\/wp-content\/uploads\/2025\/07\/resepteja-taustakuva.png&#8221; background_position=&#8221;bottom_center&#8221; custom_padding=&#8221;8%|0px|5%|0px||&#8221; custom_padding_tablet=&#8221;320px|0px|0px|0px&#8221; global_colors_info=&#8221;{}&#8221;][et_pb_row admin_label=&#8221;Header Row&#8221; _builder_version=&#8221;4.16&#8243; global_colors_info=&#8221;{}&#8221;][et_pb_column type=&#8221;4_4&#8243; _builder_version=&#8221;4.16&#8243; custom_padding=&#8221;|||&#8221; global_colors_info=&#8221;{}&#8221; custom_padding__hover=&#8221;|||&#8221;][et_pb_text _builder_version=&#8221;4.27.4&#8243; text_font=&#8221;Open Sans|600|||||||&#8221; text_font_size=&#8221;16px&#8221; header_font=&#8221;Oswald|||on|||||&#8221; header_font_size=&#8221;60px&#8221; header_letter_spacing=&#8221;5px&#8221; header_line_height=&#8221;1.4em&#8221; text_orientation=&#8221;center&#8221; max_width=&#8221;700px&#8221; module_alignment=&#8221;center&#8221; animation_style=&#8221;fade&#8221; global_colors_info=&#8221;{}&#8221;]<\/p>\n<h1>Nordic Berry Mule<\/h1>\n<p>&nbsp;<\/p>\n<p>[\/et_pb_text][\/et_pb_column][\/et_pb_row][\/et_pb_section][et_pb_section fb_built=&#8221;1&#8243; admin_label=&#8221;Menu Section&#8221; _builder_version=&#8221;4.16&#8243; custom_padding=&#8221;51px|0px|10px|0px||&#8221; global_colors_info=&#8221;{}&#8221;][et_pb_row column_structure=&#8221;1_2,1_2&#8243; _builder_version=&#8221;4.27.4&#8243; _module_preset=&#8221;default&#8221; border_width_bottom=&#8221;1px&#8221; border_color_bottom=&#8221;gcid-body-color&#8221; locked=&#8221;off&#8221; global_colors_info=&#8221;{%22gcid-body-color%22:%91%22border_color_bottom%22%93}&#8221;][et_pb_column type=&#8221;1_2&#8243; _builder_version=&#8221;4.27.4&#8243; _module_preset=&#8221;default&#8221; global_colors_info=&#8221;{}&#8221;][et_pb_image src=&#8221;https:\/\/www.nollapiste.fi\/wp-content\/uploads\/2025\/07\/mocktail-moscow-mule.png&#8221; title_text=&#8221;mocktail moscow mule&#8221; _builder_version=&#8221;4.27.4&#8243; _module_preset=&#8221;default&#8221; width=&#8221;72.7%&#8221; width_tablet=&#8221;72.7%&#8221; width_phone=&#8221;85.6%&#8221; width_last_edited=&#8221;on|phone&#8221; min_height=&#8221;270.1px&#8221; custom_margin=&#8221;|35px|3px|19px||&#8221; global_colors_info=&#8221;{}&#8221;][\/et_pb_image][\/et_pb_column][et_pb_column type=&#8221;1_2&#8243; _builder_version=&#8221;4.27.4&#8243; _module_preset=&#8221;default&#8221; global_colors_info=&#8221;{}&#8221;][et_pb_text _builder_version=&#8221;4.27.4&#8243; _module_preset=&#8221;default&#8221; text_font_size=&#8221;15px&#8221; text_line_height=&#8221;1.4em&#8221; global_colors_info=&#8221;{}&#8221;]<\/p>\n<p><strong>Ainekset (1 annos):<\/strong><\/p>\n<p>2 dl Rhubarb\u2013Raspberry Switcheli\u00e4<\/p>\n<p>1 dl\u00a0 ginger alea<\/p>\n<p>1 rkl limemehua<\/p>\n<p>J\u00e4it\u00e4 tai j\u00e4\u00e4murskaa<\/p>\n<p><strong>Koristeeksi:<\/strong><\/p>\n<p>Minttua<\/p>\n<p>Inkiv\u00e4\u00e4ri\u00e4<\/p>\n<p>Lime\u00e4<\/p>\n<p>[\/et_pb_text][\/et_pb_column][\/et_pb_row][et_pb_row column_structure=&#8221;1_2,1_2&#8243; _builder_version=&#8221;4.27.4&#8243; _module_preset=&#8221;default&#8221; global_colors_info=&#8221;{}&#8221;][et_pb_column type=&#8221;1_2&#8243; _builder_version=&#8221;4.27.4&#8243; _module_preset=&#8221;default&#8221; global_colors_info=&#8221;{}&#8221;][et_pb_text _builder_version=&#8221;4.27.4&#8243; _module_preset=&#8221;default&#8221; text_font_size=&#8221;15px&#8221; text_line_height=&#8221;1.4em&#8221; text_orientation=&#8221;center&#8221; locked=&#8221;off&#8221; global_colors_info=&#8221;{}&#8221;]<\/p>\n<p><strong>Valmistus:<\/strong><\/p>\n<p>T\u00e4yt\u00e4 iso lasi tai kuparimuki j\u00e4\u00e4paloilla. Lis\u00e4\u00e4 Switchel ja t\u00e4yt\u00e4 lasi inkiv\u00e4\u00e4rioluella. Purista sekaan limen mehu ja sekoita juoma tasaiseksi. Koristele juoma limesiivuilla, mintulla ja inkiv\u00e4\u00e4rill\u00e4.<\/p>\n<p>Nauti!<\/p>\n<p>[\/et_pb_text][\/et_pb_column][et_pb_column type=&#8221;1_2&#8243; _builder_version=&#8221;4.27.4&#8243; _module_preset=&#8221;default&#8221; global_colors_info=&#8221;{}&#8221;][et_pb_image src=&#8221;https:\/\/www.nollapiste.fi\/wp-content\/uploads\/2025\/10\/wosel-r-ilmt.png&#8221; title_text=&#8221;w\u00f6sel r ilmt&#8221; align=&#8221;center&#8221; align_tablet=&#8221;center&#8221; align_phone=&#8221;center&#8221; align_last_edited=&#8221;on|phone&#8221; _builder_version=&#8221;4.27.4&#8243; _module_preset=&#8221;default&#8221; width=&#8221;57.3%&#8221; width_tablet=&#8221;57.3%&#8221; width_phone=&#8221;75.5%&#8221; width_last_edited=&#8221;on|phone&#8221; max_width_tablet=&#8221;&#8221; max_width_phone=&#8221;&#8221; max_width_last_edited=&#8221;on|phone&#8221; module_alignment=&#8221;center&#8221; custom_margin=&#8221;|93px||3px||&#8221; hover_enabled=&#8221;0&#8243; global_colors_info=&#8221;{}&#8221; sticky_enabled=&#8221;0&#8243;][\/et_pb_image][\/et_pb_column][\/et_pb_row][et_pb_row column_structure=&#8221;1_2,1_2&#8243; _builder_version=&#8221;4.27.4&#8243; _module_preset=&#8221;default&#8221; locked=&#8221;off&#8221; global_colors_info=&#8221;{}&#8221;][et_pb_column type=&#8221;1_2&#8243; _builder_version=&#8221;4.27.4&#8243; _module_preset=&#8221;default&#8221; global_colors_info=&#8221;{}&#8221;][et_pb_text _builder_version=&#8221;4.27.4&#8243; _module_preset=&#8221;default&#8221; text_font_size=&#8221;15px&#8221; text_line_height=&#8221;1.4em&#8221; text_orientation=&#8221;center&#8221; locked=&#8221;off&#8221; global_colors_info=&#8221;{}&#8221;]<\/p>\n<p><strong>Alkoholillinen versio:<\/strong><\/p>\n<p>Lis\u00e4\u00e4 vodkaa. Voit my\u00f6s halutessasi korvata osan j\u00e4ist\u00e4 24Ice Watermelon Mojito -j\u00e4ill\u00e4.<\/p>\n<p>[\/et_pb_text][\/et_pb_column][et_pb_column type=&#8221;1_2&#8243; _builder_version=&#8221;4.27.4&#8243; _module_preset=&#8221;default&#8221; global_colors_info=&#8221;{}&#8221;][et_pb_image src=&#8221;https:\/\/www.nollapiste.fi\/wp-content\/uploads\/2025\/07\/24ice-watermelon.png&#8221; title_text=&#8221;24ice watermelon&#8221; _builder_version=&#8221;4.27.4&#8243; _module_preset=&#8221;default&#8221; width=&#8221;53.1%&#8221; width_tablet=&#8221;53.1%&#8221; width_phone=&#8221;69.5%&#8221; width_last_edited=&#8221;on|phone&#8221; max_width_tablet=&#8221;&#8221; max_width_phone=&#8221;&#8221; max_width_last_edited=&#8221;on|phone&#8221; module_alignment=&#8221;center&#8221; custom_margin=&#8221;|93px||5px||&#8221; locked=&#8221;off&#8221; global_colors_info=&#8221;{}&#8221;][\/et_pb_image][\/et_pb_column][\/et_pb_row][\/et_pb_section][et_pb_section fb_built=&#8221;1&#8243; admin_label=&#8221;Contact Section&#8221; _builder_version=&#8221;4.27.4&#8243; use_background_color_gradient=&#8221;on&#8221; background_color_gradient_stops=&#8221;#ffffff 20%|rgba(255,255,255,0) 80%&#8221; background_color_gradient_overlays_image=&#8221;on&#8221; background_color_gradient_start=&#8221;#ffffff&#8221; background_color_gradient_start_position=&#8221;20%&#8221; background_color_gradient_end=&#8221;rgba(255,255,255,0)&#8221; background_color_gradient_end_position=&#8221;80%&#8221; background_image=&#8221;https:\/\/www.nollapiste.fi\/wp-content\/uploads\/2025\/05\/nolla-tausta.png&#8221; background_position=&#8221;bottom_center&#8221; custom_padding=&#8221;8px|0px|0px|0px||&#8221; saved_tabs=&#8221;all&#8221; global_colors_info=&#8221;{}&#8221;][et_pb_row admin_label=&#8221;Social Media Row&#8221; _builder_version=&#8221;4.16&#8243; use_background_color_gradient=&#8221;on&#8221; background_color_gradient_stops=&#8221;rgba(255,255,255,0) 0%|#ffffff 74%&#8221; background_color_gradient_start=&#8221;rgba(255,255,255,0)&#8221; background_color_gradient_end=&#8221;#ffffff&#8221; background_color_gradient_end_position=&#8221;74%&#8221; width=&#8221;100%&#8221; max_width=&#8221;100%&#8221; custom_margin=&#8221;8.4%|auto||auto||&#8221; custom_margin_tablet=&#8221;&#8221; custom_margin_phone=&#8221;&#8221; custom_margin_last_edited=&#8221;on|desktop&#8221; custom_padding=&#8221;120px|0px|40px|0px&#8221; use_custom_width=&#8221;on&#8221; width_unit=&#8221;off&#8221; custom_width_percent=&#8221;100%&#8221; global_colors_info=&#8221;{}&#8221;][et_pb_column type=&#8221;4_4&#8243; _builder_version=&#8221;4.16&#8243; custom_padding=&#8221;|||&#8221; global_colors_info=&#8221;{}&#8221; custom_padding__hover=&#8221;|||&#8221;][et_pb_social_media_follow disabled_on=&#8221;off|off|off&#8221; _builder_version=&#8221;4.27.4&#8243; text_orientation=&#8221;center&#8221; custom_margin=&#8221;|||&#8221; custom_padding=&#8221;|||&#8221; mix_blend_mode=&#8221;multiply&#8221; locked=&#8221;off&#8221; global_colors_info=&#8221;{}&#8221;][et_pb_social_media_follow_network social_network=&#8221;facebook&#8221; url=&#8221;https:\/\/www.facebook.com\/share\/19CLoezket\/?mibextid=wwXIfr&#8221; _builder_version=&#8221;4.27.4&#8243; background_color=&#8221;rgba(160,160,160,0.8)&#8221; custom_margin=&#8221;|2%||2%&#8221; custom_padding=&#8221;12px|12px|12px|12px&#8221; border_radii=&#8221;on|100px|100px|100px|100px&#8221; global_colors_info=&#8221;{}&#8221; follow_button=&#8221;off&#8221; url_new_window=&#8221;on&#8221;]facebook[\/et_pb_social_media_follow_network][et_pb_social_media_follow_network social_network=&#8221;instagram&#8221; url=&#8221;https:\/\/www.instagram.com\/nollapiste.fi?igsh=MXRjaHRvYWIwMjc2Yw%3D%3D&#038;utm_source=qr&#8221; _builder_version=&#8221;4.27.4&#8243; background_color=&#8221;rgba(160,160,160,0.8)&#8221; custom_margin=&#8221;|2%||2%&#8221; custom_padding=&#8221;12px|12px|12px|12px&#8221; border_radii=&#8221;on|100px|100px|100px|100px&#8221; global_colors_info=&#8221;{}&#8221; follow_button=&#8221;off&#8221; url_new_window=&#8221;on&#8221;]instagram[\/et_pb_social_media_follow_network][et_pb_social_media_follow_network social_network=&#8221;tiktok&#8221; url=&#8221;https:\/\/www.tiktok.com\/@nollapiste.fi?is_from_webapp=1&#038;sender_device=pc&#8221; _builder_version=&#8221;4.27.4&#8243; _module_preset=&#8221;default&#8221; background_color=&#8221;rgba(160,160,160,0.8)&#8221; custom_margin=&#8221;|2%||2%&#8221; custom_padding=&#8221;12px|12px|12px|12px&#8221; border_radii=&#8221;on|100px|100px|100px|100px&#8221; global_colors_info=&#8221;{}&#8221; follow_button=&#8221;off&#8221; url_new_window=&#8221;on&#8221;]tiktok[\/et_pb_social_media_follow_network][\/et_pb_social_media_follow][\/et_pb_column][\/et_pb_row][\/et_pb_section]<\/p>\n","protected":false},"excerpt":{"rendered":"<p>Nordic Berry Mule &nbsp;Ainekset (1 annos): 2 dl Rhubarb\u2013Raspberry Switcheli\u00e4 1 dl\u00a0 ginger alea 1 rkl limemehua J\u00e4it\u00e4 tai j\u00e4\u00e4murskaa Koristeeksi: Minttua Inkiv\u00e4\u00e4ri\u00e4 Lime\u00e4Valmistus: T\u00e4yt\u00e4 iso lasi tai kuparimuki j\u00e4\u00e4paloilla. Lis\u00e4\u00e4 Switchel ja t\u00e4yt\u00e4 lasi inkiv\u00e4\u00e4rioluella. Purista sekaan limen mehu ja sekoita juoma tasaiseksi. Koristele juoma limesiivuilla, mintulla ja inkiv\u00e4\u00e4rill\u00e4. Nauti!Alkoholillinen versio: Lis\u00e4\u00e4 vodkaa. Voit [&hellip;]<\/p>\n","protected":false},"author":2,"featured_media":0,"parent":0,"menu_order":0,"comment_status":"closed","ping_status":"closed","template":"","meta":{"_et_pb_use_builder":"on","_et_pb_old_content":"","_et_gb_content_width":"","footnotes":""},"class_list":["post-464","page","type-page","status-publish","hentry"],"_links":{"self":[{"href":"https:\/\/www.nollapiste.fi\/index.php\/wp-json\/wp\/v2\/pages\/464","targetHints":{"allow":["GET"]}}],"collection":[{"href":"https:\/\/www.nollapiste.fi\/index.php\/wp-json\/wp\/v2\/pages"}],"about":[{"href":"https:\/\/www.nollapiste.fi\/index.php\/wp-json\/wp\/v2\/types\/page"}],"author":[{"embeddable":true,"href":"https:\/\/www.nollapiste.fi\/index.php\/wp-json\/wp\/v2\/users\/2"}],"replies":[{"embeddable":true,"href":"https:\/\/www.nollapiste.fi\/index.php\/wp-json\/wp\/v2\/comments?post=464"}],"version-history":[{"count":21,"href":"https:\/\/www.nollapiste.fi\/index.php\/wp-json\/wp\/v2\/pages\/464\/revisions"}],"predecessor-version":[{"id":787,"href":"https:\/\/www.nollapiste.fi\/index.php\/wp-json\/wp\/v2\/pages\/464\/revisions\/787"}],"wp:attachment":[{"href":"https:\/\/www.nollapiste.fi\/index.php\/wp-json\/wp\/v2\/media?parent=464"}],"curies":[{"name":"wp","href":"https:\/\/api.w.org\/{rel}","templated":true}]}}